{"id":388,"date":"2025-02-10T14:33:06","date_gmt":"2025-02-10T13:33:06","guid":{"rendered":"https:\/\/www.lebelvedere-balagne.com\/contact-hotel-restaurant-bevedere-in-balagne\/"},"modified":"2025-03-07T13:48:03","modified_gmt":"2025-03-07T12:48:03","slug":"contact-hotel-restaurant-bevedere-in-balagne","status":"publish","type":"page","link":"https:\/\/www.lebelvedere-balagne.com\/en\/contact-hotel-restaurant-bevedere-in-balagne\/","title":{"rendered":"Contact Hotel Restaurant Bev\u00e9d\u00e8re in Balagne"},"content":{"rendered":"<div class=\"wpb-content-wrapper\"><p>[vc_row css=&#8221;.vc_custom_1679071832036{margin-bottom: 0px !important;}&#8221;][vc_column]<div id=\"fullwidth-block-69fa1a8d8228c\" class=\"fullwidth-block clearfix\"  style=\"background-color: #A77C68;\"><script type=\"text\/javascript\">if (typeof(gem_fix_fullwidth_position) == \"function\") { gem_fix_fullwidth_position(document.getElementById(\"fullwidth-block-69fa1a8d8228c\")); }<\/script><div class=\"fullwidth-block-inner\"><div class=\"container\">[vc_empty_space height=&#8221;52px&#8221;][vc_column_text css=&#8221;&#8221;]<\/p>\n<h2 class=\"antro\" style=\"text-align: center;\"><span style=\"color: #ffffff;\">Le Belv\u00e9d\u00e8re is ideally located in the heart of the Balagne region, between Calvi and \u00cele-Rousse.<\/span><\/h2>\n<p>[\/vc_column_text][vc_empty_space height=&#8221;36px&#8221;]<\/div><\/div><\/div>[\/vc_column][\/vc_row][vc_row][vc_column][vc_empty_space][\/vc_column][\/vc_row][vc_row css=&#8221;.vc_custom_1739201086025{margin-bottom: 0px !important;}&#8221;][vc_column width=&#8221;1\/2&#8243;][vc_single_image image=&#8221;243&#8243; img_size=&#8221;full&#8221; alignment=&#8221;center&#8221; css=&#8221;&#8221;][vc_column_text css=&#8221;&#8221;]<\/p>\n<p style=\"text-align: center;\">RD 71. Strada di Lumiu<br \/>\n20225 Lavatoggio <\/p>\n<p style=\"text-align: center;\">Email: lebelvedere.2b@gmail.com<br \/>\nTelephone: +33 (0)4 95 45 57 06<\/p>\n<p>[\/vc_column_text]<div class=\"socials socials-list socials-colored-hover socials-default socials-alignment-center\"><a class=\"socials-item\" target=\"_blank\" href=\"https:\/\/www.facebook.com\/p\/Le-Belv%C3%A9d%C3%A8re-Lavatoggio-100068173547484\/\" style=\"color: #A77C68;\"><i class=\"socials-item-icon facebook\" style=\"font-size: 22px\"><\/i><\/a><a class=\"socials-item\" target=\"_blank\" href=\"https:\/\/www.instagram.com\/_lebelvedere_\/\" style=\"color: #A77C68;\"><i class=\"socials-item-icon instagram\" style=\"font-size: 22px\"><\/i><\/a><\/div>[\/vc_column][vc_column width=&#8221;1\/2&#8243;]\n<div class=\"wpcf7 no-js\" id=\"wpcf7-f240-o1\" lang=\"fr-FR\" dir=\"ltr\" data-wpcf7-id=\"240\">\n<div class=\"screen-reader-response\"><p role=\"status\" aria-live=\"polite\" aria-atomic=\"true\"><\/p> <ul><\/ul><\/div>\n<form action=\"\/en\/wp-json\/wp\/v2\/pages\/388#wpcf7-f240-o1\" method=\"post\" class=\"wpcf7-form init gem-contact-form-white gem-contact-form-simple-line\" aria-label=\"Formulaire de contact\" novalidate=\"novalidate\" data-status=\"init\">\n<fieldset class=\"hidden-fields-container\"><input type=\"hidden\" name=\"_wpcf7\" value=\"240\" \/><input type=\"hidden\" name=\"_wpcf7_version\" value=\"6.1.3\" \/><input type=\"hidden\" name=\"_wpcf7_locale\" value=\"fr_FR\" \/><input type=\"hidden\" name=\"_wpcf7_unit_tag\" value=\"wpcf7-f240-o1\" \/><input type=\"hidden\" name=\"_wpcf7_container_post\" value=\"0\" \/><input type=\"hidden\" name=\"_wpcf7_posted_data_hash\" value=\"\" \/>\n<\/fieldset>\n<div class=\"contact-form\">\n\t<div class=\"col-lg-12 col-md-12 col-xs-12\" style=\"margin-bottom:20px;\">\n\t\t<div class=\"form-line\"><span class=\"wpcf7-form-control-wrap\" data-name=\"titre\"><select class=\"wpcf7-form-control wpcf7-select wpcf7-validates-as-required\" aria-required=\"true\" aria-invalid=\"false\" name=\"titre\"><option value=\"\">Titre*<\/option><option value=\"Madame\">Madame<\/option><option value=\"Mademoiselle\">Mademoiselle<\/option><option value=\"Monsieur\">Monsieur<\/option><\/select><\/span><\/div>\n\t<\/div>\n\t<div class=\"col-lg-12 col-md-12 col-xs-12\" style=\"margin-bottom:20px;\">\n\t\t<div class=\"form-line\"><span class=\"wpcf7-form-control-wrap\" data-name=\"prenom\"><input size=\"40\" maxlength=\"400\" class=\"wpcf7-form-control wpcf7-text wpcf7-validates-as-required\" aria-required=\"true\" aria-invalid=\"false\" placeholder=\"Pr\u00e9nom *\" value=\"\" type=\"text\" name=\"prenom\" \/><\/span><\/div>\n\t<\/div>\n\t<div class=\"col-lg-12 col-md-12 col-xs-12\" style=\"margin-bottom:20px;\">\n\t\t<div class=\"form-line\"><span class=\"wpcf7-form-control-wrap\" data-name=\"nom\"><input size=\"40\" maxlength=\"400\" class=\"wpcf7-form-control wpcf7-text wpcf7-validates-as-required\" aria-required=\"true\" aria-invalid=\"false\" placeholder=\"Nom *\" value=\"\" type=\"text\" name=\"nom\" \/><\/span><\/div>\n\t<\/div>\n\t<div class=\"col-lg-12 col-md-12 col-xs-12\" style=\"margin-bottom:20px;\">\n\t\t<div class=\"form-line\"><span class=\"wpcf7-form-control-wrap\" data-name=\"societe\"><input size=\"40\" maxlength=\"400\" class=\"wpcf7-form-control wpcf7-text\" aria-invalid=\"false\" placeholder=\"Societ\u00e9\" value=\"\" type=\"text\" name=\"societe\" \/><\/span><\/div>\n\t<\/div>\n\t<div class=\"col-lg-12 col-md-12 col-xs-12\" style=\"margin-bottom:20px;\">\n\t\t<div class=\"form-line\"><span class=\"wpcf7-form-control-wrap\" data-name=\"tel\"><input size=\"40\" maxlength=\"400\" class=\"wpcf7-form-control wpcf7-tel wpcf7-text wpcf7-validates-as-tel\" aria-invalid=\"false\" placeholder=\"T\u00e9l\u00e9phone*\" value=\"\" type=\"tel\" name=\"tel\" \/><\/span><\/div>\n\t<\/div>\n\t<div class=\"col-lg-12 col-md-12 col-xs-12\" style=\"margin-bottom:20px;\">\n\t\t<div class=\"form-line\"><span class=\"wpcf7-form-control-wrap\" data-name=\"email\"><input size=\"40\" maxlength=\"400\" class=\"wpcf7-form-control wpcf7-email wpcf7-validates-as-required wpcf7-text wpcf7-validates-as-email\" aria-required=\"true\" aria-invalid=\"false\" placeholder=\"Adresse mail *\" value=\"\" type=\"email\" name=\"email\" \/><\/span><\/div>\n\t<\/div>\n\t<div class=\"col-lg-12 col-md-12 col-xs-12\" style=\"margin-bottom:20px;\">\n<label class=\"or\">Date d\u2019arriv\u00e9e<\/label>\n\t\t<div class=\"form-line\"><span class=\"wpcf7-form-control-wrap\" data-name=\"date\"><input class=\"wpcf7-form-control wpcf7-date wpcf7-validates-as-date\" aria-invalid=\"false\" placeholder=\"Date d\u2019arriv\u00e9e\" value=\"\" type=\"date\" name=\"date\" \/><\/span><\/div>\n\t<\/div>\n<div class=\"col-lg-12 col-md-12 col-xs-12\" style=\"margin-bottom:20px;\">\n<label class=\"or\">Date de d\u00e9part<\/label>\n\t\t<div class=\"form-line\"><span class=\"wpcf7-form-control-wrap\" data-name=\"dateb\"><input class=\"wpcf7-form-control wpcf7-date wpcf7-validates-as-date\" aria-invalid=\"false\" placeholder=\"Date de d\u00e9part\" value=\"\" type=\"date\" name=\"dateb\" \/><\/span><\/div>\n\t<\/div>\n\t<div class=\"col-lg-12 col-md-12 col-xs-12\" style=\"margin-bottom:20px;\">\n\t\t<div class=\"form-line\"><span class=\"wpcf7-form-control-wrap\" data-name=\"your-message\"><textarea cols=\"30\" rows=\"6\" maxlength=\"2000\" class=\"wpcf7-form-control wpcf7-textarea wpcf7-validates-as-required\" aria-required=\"true\" aria-invalid=\"false\" placeholder=\"Message\" name=\"your-message\"><\/textarea><\/span><\/div>\n\t<\/div>\n\t<div class=\"col-lg-12 col-md-12 col-xs-12\" style=\"margin-bottom:20px;\">\n\t\t<div class=\"form-line\"><span class=\"wpcf7-form-control-wrap\" data-name=\"acceptance-110\"><span class=\"wpcf7-form-control wpcf7-acceptance\"><span class=\"wpcf7-list-item\"><label><input type=\"checkbox\" name=\"acceptance-110\" value=\"1\" aria-invalid=\"false\" \/><span class=\"wpcf7-list-item-label\">J'accepte que les donn\u00e9es saisies soient enregistr\u00e9es et envoy\u00e9es *<\/span><\/label><\/span><\/span><\/span><\/div>\n\t<\/div>\n<div class=\"col-lg-12 col-md-12 col-xs-12\" style=\"margin-bottom:20px;\">\n\t\t<div class=\"form-line\"><p>Les informations port\u00e9es sur ce formulaire vous concernant sont \u00e0 l\u2019usage de notre \u00e9tablissement et de nos prestataires techniques afin de traiter votre demande. Vous acceptez notre politique de confidentialit\u00e9 des donn\u00e9es personnelles. Conform\u00e9ment \u00e0 la Loi n\u00b078-17 du 6 janvier 1978 modifi\u00e9e, et au r\u00e8glement g\u00e9n\u00e9ral sur la protection des donn\u00e9es, vous disposez d\u2019un droit d\u2019acc\u00e8s, de rectification, d\u2019effacement, d'opposition et de limitation du traitement relatif aux donn\u00e9es personnelles qui vous concernent, ainsi que du droit \u00e0 la portabilit\u00e9 des donn\u00e9es et de d\u00e9finition de vos directives relatives \u00e0 la gestion de vos donn\u00e9es apr\u00e8s votre d\u00e9c\u00e8s. Vous pouvez exercer ces droits par email \u00e0 l'adresse <a href=mailto:info@hbcorsica.com\">lebelvedere.2b@gmail.com.<\/a> Pour en savoir plus, consultez les mentions l\u00e9gales.<\/p><\/div>\n\t<\/div>\n<div class=\"col-lg-12 col-md-12 col-xs-12\" style=\"margin-bottom:20px;\">\n\t\t<div class=\"form-line\"><p>Ce site est prot\u00e9g\u00e9 par reCAPTCHA. Les <a target=\"_blank\" href=\"https:\/\/policies.google.com\/privacy\">r\u00e8gles de confidentialit\u00e9<\/a> et les <a target=\"_blank\" href=\"https:\/\/policies.google.com\/terms\">conditions d'utilisation<\/a> de Google s'appliquent.<\/p><\/div>\n\t<\/div>\n\n\n\t<div class=\"col-lg-12 col-md-12 col-xs-12\" style=\"display: flex; justify-content: center;\">\n\t\t<div class=\"form-line\"><style type=\"text\/css\">.thegem-button-69fa1a8d86d173578 .gem-button svg {fill: #FFFFFFFF;}.thegem-button-69fa1a8d86d173578 .gem-button:hover svg {fill: #A77C68FF;}<\/style><div class=\"gem-button-container gem-button-position-fullwidth thegem-button-69fa1a8d86d173578\"  ><input class=\"gem-button gem-button-size-medium gem-button-style-flat gem-button-text-weight-normal wpcf7-form-control wpcf7-submit has-spinner gem-button-wpcf-custom\" data-ll-effect=\"drop-right-without-wrap\" style=\"border-radius: 0px;background-color: #A77C68FF;color: #FFFFFFFF;\" onmouseleave=\"this.style.backgroundColor='#A77C68FF';this.style.color='#FFFFFFFF';\" onmouseenter=\"this.style.borderColor='#A77C68FF';this.style.backgroundColor='#FFFFFFFF';this.style.color='#A77C68FF';\" id=\"\" tabindex=\"\" type=\"submit\" value=\"ENVOYER MA DEMANDE\" \/><\/div> <\/div>\n\t<\/div>\n\n\n<\/div><input type='hidden' class='wpcf7-pum' value='{\"closepopup\":false,\"closedelay\":0,\"openpopup\":false,\"openpopup_id\":0}' \/><div class=\"wpcf7-response-output\" aria-hidden=\"true\"><\/div>\n<\/form>\n<\/div>\n[\/vc_column][\/vc_row][vc_row][vc_column]<div id=\"fullwidth-block-69fa1a8d883e5\" class=\"fullwidth-block clearfix\"  style=\"background-color: #FFFFFF;\"><script type=\"text\/javascript\">if (typeof(gem_fix_fullwidth_position) == \"function\") { gem_fix_fullwidth_position(document.getElementById(\"fullwidth-block-69fa1a8d883e5\")); }<\/script><div class=\"fullwidth-block-inner\"><div class=\"gem-map-with-text\"><div class=\"gem-map-with-text-content\" style=\"background-color: #ffffff;\"><\/div><div class=\"gem-map-with-text-map grayscale\">[vc_gmaps link=\"#E-8_JTNDaWZyYW1lJTIwc3JjJTNEJTIyaHR0cHMlM0ElMkYlMkZ3d3cuZ29vZ2xlLmNvbSUyRm1hcHMlMkZkJTJGZW1iZWQlM0ZtaWQlM0QxZUxiQzdlRzZjNzNvZmdHdEVPVnZaazA4STE1Y1h2dyUyNmVoYmMlM0QyRTMxMkYlMjIlMjB3aWR0aCUzRCUyMjY0MCUyMiUyMGhlaWdodCUzRCUyMjQ4MCUyMiUzRSUzQyUyRmlmcmFtZSUzRQ==\" size=\"446\" disable_scroll=\"\"]<\/div><\/div><\/div><\/div>[\/vc_column][\/vc_row]<\/p>\n<\/div>","protected":false},"excerpt":{"rendered":"<p>[vc_row css=&#8221;.vc_custom_1679071832036{margin-bottom: 0px !important;}&#8221;][vc_column][\/vc_column][\/vc_row][vc_row][vc_column][vc_empty_space][\/vc_column][\/vc_row][vc_row css=&#8221;.vc_custom_1739201086025{margin-bottom: 0px !important;}&#8221;][vc_column width=&#8221;1\/2&#8243;][vc_single_image image=&#8221;243&#8243; img_size=&#8221;full&#8221; alignment=&#8221;center&#8221; css=&#8221;&#8221;][vc_column_text css=&#8221;&#8221;] RD 71. Strada di Lumiu 20225 Lavatoggio&#8230;<\/p>\n","protected":false},"author":1,"featured_media":0,"parent":0,"menu_order":0,"comment_status":"closed","ping_status":"closed","template":"","meta":{"inline_featured_image":false,"footnotes":""},"class_list":["post-388","page","type-page","status-publish"],"aioseo_notices":[],"_links":{"self":[{"href":"https:\/\/www.lebelvedere-balagne.com\/en\/wp-json\/wp\/v2\/pages\/388","targetHints":{"allow":["GET"]}}],"collection":[{"href":"https:\/\/www.lebelvedere-balagne.com\/en\/wp-json\/wp\/v2\/pages"}],"about":[{"href":"https:\/\/www.lebelvedere-balagne.com\/en\/wp-json\/wp\/v2\/types\/page"}],"author":[{"embeddable":true,"href":"https:\/\/www.lebelvedere-balagne.com\/en\/wp-json\/wp\/v2\/users\/1"}],"replies":[{"embeddable":true,"href":"https:\/\/www.lebelvedere-balagne.com\/en\/wp-json\/wp\/v2\/comments?post=388"}],"version-history":[{"count":2,"href":"https:\/\/www.lebelvedere-balagne.com\/en\/wp-json\/wp\/v2\/pages\/388\/revisions"}],"predecessor-version":[{"id":390,"href":"https:\/\/www.lebelvedere-balagne.com\/en\/wp-json\/wp\/v2\/pages\/388\/revisions\/390"}],"wp:attachment":[{"href":"https:\/\/www.lebelvedere-balagne.com\/en\/wp-json\/wp\/v2\/media?parent=388"}],"curies":[{"name":"wp","href":"https:\/\/api.w.org\/{rel}","templated":true}]}}