{"id":397,"date":"2025-02-01T22:52:56","date_gmt":"2025-02-01T21:52:56","guid":{"rendered":"https:\/\/www.lebelvedere-balagne.com\/restaurant-le-belvedere-between-calvi-and-ile-rousse\/"},"modified":"2025-06-16T11:52:12","modified_gmt":"2025-06-16T09:52:12","slug":"restaurant-le-belvedere-between-calvi-and-ile-rousse","status":"publish","type":"page","link":"https:\/\/www.lebelvedere-balagne.com\/en\/restaurant-le-belvedere-between-calvi-and-ile-rousse\/","title":{"rendered":"Restaurant Le Belv\u00e9d\u00e8re between Calvi and \u00cele-Rousse"},"content":{"rendered":"<div class=\"wpb-content-wrapper\"><p>[vc_row][vc_column]\n\t\t\t<!-- START Restaurant 1 REVOLUTION SLIDER 6.7.25 --><p class=\"rs-p-wp-fix\"><\/p>\n\t\t\t<rs-module-wrap id=\"rev_slider_10_1_wrapper\" data-source=\"gallery\" style=\"visibility:hidden;background:transparent;padding:0;\">\n\t\t\t\t<rs-module id=\"rev_slider_10_1\" style=\"\" data-version=\"6.7.25\">\n\t\t\t\t\t<rs-slides style=\"overflow: hidden; position: absolute;\">\n\t\t\t\t\t\t<rs-slide style=\"position: absolute;\" data-key=\"rs-11\" data-title=\"Slide\" data-duration=\"10490\" data-anim=\"ms:1800;\" data-in=\"o:0;\" data-out=\"a:false;\">\n\t\t\t\t\t\t\t<img src=\"\/\/www.lebelvedere-balagne.com\/wp-content\/uploads\/2025\/02\/bg_resto.jpg\" alt=\"Restaurant de h\u00f4tel Balagne\" title=\"Restaurant-hotel-Balagne\" width=\"1920\" height=\"1199\" class=\"rev-slidebg tp-rs-img\" data-bg=\"p:center top;\" data-parallax=\"14\" data-panzoom=\"d:13000;e:power2.inOut;ss:110;se:100;\" data-no-retina>\n<!--\n\t\t\t\t\t\t\t--><h1\n\t\t\t\t\t\t\t\tid=\"slider-10-slide-11-layer-3\" \n\t\t\t\t\t\t\t\tclass=\"rs-layer\"\n\t\t\t\t\t\t\t\tdata-type=\"text\"\n\t\t\t\t\t\t\t\tdata-color=\"rgba(255, 255, 255, 1)\"\n\t\t\t\t\t\t\t\tdata-rsp_ch=\"on\"\n\t\t\t\t\t\t\t\tdata-xy=\"xo:0,0,0,10px;y:m;yo:-49px,-49px,-100px,-100px;\"\n\t\t\t\t\t\t\t\tdata-text=\"s:100,100,100,70;l:100,100,100,70;\"\n\t\t\t\t\t\t\t\tdata-wrpcls=\"fontnormal\"\n\t\t\t\t\t\t\t\tdata-ford=\"frame_0;frame_1;frame_2;frame_999;\"\n\t\t\t\t\t\t\t\tdata-frame_1=\"e:power2.in;st:500;sp:2500;sR:500;\"\n\t\t\t\t\t\t\t\tdata-frame_999=\"x:0;y:0;z:0;sX:1;sY:1;o:1;rX:0;rY:0;rZ:0;skX:0;skY:0;e:power3.in;st:w;sp:500;sR:6550;\"\n\t\t\t\t\t\t\t\tdata-frame_999_words=\"d:20;y:100%;\"\n\t\t\t\t\t\t\t\tdata-frame_999_mask=\"u:t;\"\n\t\t\t\t\t\t\t\tdata-frame_2=\"st:3540;sp:400;sR:540;\"\n\t\t\t\t\t\t\t\tstyle=\"z-index:7;font-family:'Playfair Display';\"\n\t\t\t\t\t\t\t>Le Belv\u00e9d\u00e8re\n<\/br>\nRestaurant \n\t\t\t\t\t\t\t<\/h1><!--\n\n\t\t\t\t\t\t\t--><h2\n\t\t\t\t\t\t\t\tid=\"slider-10-slide-11-layer-4\" \n\t\t\t\t\t\t\t\tclass=\"rs-layer\"\n\t\t\t\t\t\t\t\tdata-type=\"text\"\n\t\t\t\t\t\t\t\tdata-color=\"rgba(255, 255, 255, 1)\"\n\t\t\t\t\t\t\t\tdata-rsp_ch=\"on\"\n\t\t\t\t\t\t\t\tdata-xy=\"xo:0,0,0,10px;y:m;yo:120px,120px,50px,40px;\"\n\t\t\t\t\t\t\t\tdata-text=\"w:nowrap,nowrap,normal,normal;s:36,36,30,22;l:36,36,35,30;\"\n\t\t\t\t\t\t\t\tdata-dim=\"w:auto,auto,654px,463px;h:auto,auto,81px,auto;\"\n\t\t\t\t\t\t\t\tdata-frame_1=\"sp:3000;\"\n\t\t\t\t\t\t\t\tdata-frame_999=\"x:0;y:0;z:0;sX:1;sY:1;o:1;rX:0;rY:0;rZ:0;skX:0;skY:0;e:power3.in;st:w;sp:1200;sR:7490;\"\n\t\t\t\t\t\t\t\tdata-frame_999_words=\"d:30;y:100%;\"\n\t\t\t\t\t\t\t\tdata-frame_999_mask=\"u:t;\"\n\t\t\t\t\t\t\t\tstyle=\"z-index:8;font-family:'Raleway';\"\n\t\t\t\t\t\t\t>A unique experience combining comfort,<br> gastronomy and conviviality. \n\t\t\t\t\t\t\t<\/h2><!--\n-->\t\t\t\t\t<\/rs-slide>\n\t\t\t\t\t<\/rs-slides>\n\t\t\t\t<\/rs-module>\n\t\t\t\t<script>\n\t\t\t\t\tsetREVStartSize({c: 'rev_slider_10_1',rl:[1240,1024,778,480],el:[868,768,960,720],gw:[1240,1024,778,480],gh:[868,768,960,720],type:'standard',justify:'',layout:'fullscreen',offsetContainer:'',offset:'',mh:\"0\"});if (window.RS_MODULES!==undefined && window.RS_MODULES.modules!==undefined && window.RS_MODULES.modules[\"revslider101\"]!==undefined) {window.RS_MODULES.modules[\"revslider101\"].once = false;window.revapi10 = undefined;if (window.RS_MODULES.checkMinimal!==undefined) window.RS_MODULES.checkMinimal()}\n\t\t\t\t<\/script>\n\t\t\t<\/rs-module-wrap>\n\t\t\t<!-- END REVOLUTION SLIDER -->\n[\/vc_column][\/vc_row][vc_row el_class=&#8221;bgfleur&#8221;][vc_column]<div id=\"fullwidth-block-69fa181e3a6c9\" class=\"fullwidth-block clearfix\"  style=\"padding-top: 20px;padding-bottom: 20px;padding-left: 40px;padding-right: 40px;\"><script type=\"text\/javascript\">if (typeof(gem_fix_fullwidth_position) == \"function\") { gem_fix_fullwidth_position(document.getElementById(\"fullwidth-block-69fa181e3a6c9\")); }<\/script><div class=\"fullwidth-block-inner\">[vc_row_inner][vc_column_inner width=&#8221;1\/6&#8243;][\/vc_column_inner][vc_column_inner width=&#8221;2\/3&#8243;]<div class=\"thegem-te-heading thegem-custom-69fa181e3a9362783\" ><h3 id=\"thegem-heading-69fa181e3a7bb\" class=\"thegem-heading wpb_animate_when_almost_visible fadeIn wpb_fadeIn\" style=\"text-align: center;\" ><span class=\"colored\" style=\"color: #A77C68;\">The Restaurant<\/span><\/h3><style type=\"text\/css\">#thegem-heading-69fa181e3a7bb {margin: 0;}#thegem-heading-69fa181e3a7bb {margin-left: auto; margin-right: auto;}#thegem-heading-69fa181e3a7bb > * {justify-content: center;}#thegem-heading-69fa181e3a7bb {font-size: 36px;}#thegem-heading-69fa181e3a7bb {line-height: 38px;}#thegem-heading-69fa181e3a7bb, #thegem-heading-69fa181e3a7bb .light {text-transform: uppercase;}@media screen and (max-width: 1023px) and (min-width: 768px) {#thegem-heading-69fa181e3a7bb {font-size: 32px;}}@media screen and (max-width: 1023px) and (min-width: 768px) {#thegem-heading-69fa181e3a7bb {line-height: 32px;}}@media screen and (max-width: 767px) {#thegem-heading-69fa181e3a7bb {font-size: 28px;}}@media screen and (max-width: 767px) {#thegem-heading-69fa181e3a7bb {line-height: 28px;}}#thegem-heading-69fa181e3a7bb .light, #thegem-heading-69fa181e3a7bb {font-family:Playfair Display; font-weight:400; font-style:normal; }#thegem-heading-69fa181e3a7bb a:hover, #thegem-heading-69fa181e3a7bb a:hover span.colored {color: var(--thegem-to-menu-level1-color-hover, #00BCD4) !important;}<\/style><\/div><style>@media screen and (max-width: 1023px) {.thegem-te-heading.thegem-custom-69fa181e3a9362783{display: block!important;}}@media screen and (max-width: 767px) {.thegem-te-heading.thegem-custom-69fa181e3a9362783{display: block!important;}}@media screen and (max-width: 1023px) {.thegem-te-heading.thegem-custom-69fa181e3a9362783{position: relative !important;}}@media screen and (max-width: 767px) {.thegem-te-heading.thegem-custom-69fa181e3a9362783{position: relative !important;}}<\/style><div class=\"clearboth\"><\/div><style>#thegem-divider-69fa181e3a990 {margin-top: 20px !important;}#thegem-divider-69fa181e3a990 {margin-bottom: 10px !important;}<\/style><div id=\"thegem-divider-69fa181e3a990\" class=\"gem-divider  centerdiv\" style=\"border-width: 1px;width: 7%;border-color: #5E5D5D;\" ><\/div>[vc_column_text css=&#8221;&#8221; css_animation=&#8221;fadeIn&#8221;]<\/p>\n<h3 style=\"text-align: center;\">With a breathtaking view of the sea, our restaurant invites you to enjoy a culinary experience combining conviviality, warmth and authentic flavors.<\/h3>\n<p>[\/vc_column_text][\/vc_column_inner][vc_column_inner width=&#8221;1\/6&#8243;][\/vc_column_inner][\/vc_row_inner]<\/div><\/div>[\/vc_column][\/vc_row][vc_row equal_height=&#8221;yes&#8221; content_placement=&#8221;middle&#8221; css=&#8221;.vc_custom_1738363517677{margin-top: 20px !important;margin-bottom: 50px !important;}&#8221;][vc_column width=&#8221;1\/2&#8243;][vc_gallery interval=&#8221;3&#8243; images=&#8221;514,512,510,508&#8243; img_size=&#8221;full&#8221; css=&#8221;&#8221;][\/vc_column][vc_column width=&#8221;1\/2&#8243; thegem_content_alignment=&#8221;center&#8221; css=&#8221;.vc_custom_1738447867593{margin-right: 10% !important;margin-left: 10% !important;}&#8221;]<div class=\"thegem-te-heading thegem-custom-69fa181e3aa786541\" ><h2 id=\"thegem-heading-69fa181e3aa42\" class=\"thegem-heading wpb_animate_when_almost_visible fadeIn wpb_fadeIn\" style=\"text-align: center;\" ><span class=\"colored\" style=\"color: #A77C68;\">Authenticity and modernity...<\/span><\/h2><style type=\"text\/css\">#thegem-heading-69fa181e3aa42 {margin: 0;}#thegem-heading-69fa181e3aa42 {margin-left: auto; margin-right: auto;}#thegem-heading-69fa181e3aa42 > * {justify-content: center;}#thegem-heading-69fa181e3aa42 {font-size: 42px;}#thegem-heading-69fa181e3aa42 {line-height: 46px;}#thegem-heading-69fa181e3aa42, #thegem-heading-69fa181e3aa42 .light {text-transform: none;}@media screen and (max-width: 1023px) and (min-width: 768px) {#thegem-heading-69fa181e3aa42 {font-size: 38px;}}@media screen and (max-width: 1023px) and (min-width: 768px) {#thegem-heading-69fa181e3aa42 {line-height: 40px;}}@media screen and (max-width: 767px) {#thegem-heading-69fa181e3aa42 {font-size: 32px;}}@media screen and (max-width: 767px) {#thegem-heading-69fa181e3aa42 {line-height: 34px;}}#thegem-heading-69fa181e3aa42 .light, #thegem-heading-69fa181e3aa42 {font-family:Playfair Display; font-weight:400; font-style:normal; }#thegem-heading-69fa181e3aa42 a:hover, #thegem-heading-69fa181e3aa42 a:hover span.colored {color: var(--thegem-to-menu-level1-color-hover, #00BCD4) !important;}<\/style><\/div><style>@media screen and (max-width: 1023px) {.thegem-te-heading.thegem-custom-69fa181e3aa786541{display: block!important;}}@media screen and (max-width: 767px) {.thegem-te-heading.thegem-custom-69fa181e3aa786541{display: block!important;}}@media screen and (max-width: 1023px) {.thegem-te-heading.thegem-custom-69fa181e3aa786541{position: relative !important;}}@media screen and (max-width: 767px) {.thegem-te-heading.thegem-custom-69fa181e3aa786541{position: relative !important;}}<\/style>[vc_empty_space height=&#8221;24px&#8221;][vc_column_text css=&#8221;&#8221; css_animation=&#8221;fadeIn&#8221;]<\/p>\n<p style=\"text-align: center;\">We offer traditional cuisine, with a particular focus on Corsican specialities, which will help you discover the richness of our terroir. Each dish is prepared with fresh, local, quality ingredients, respecting the traditional recipes for which our island is famous.<br \/>\nTo accompany your meal, we offer a wide choice of carefully selected wines, to enhance each dish and enrich your gastronomic experience<br \/>\nLet yourself be seduced by the warm atmosphere of our establishment, where every detail has been thought of to ensure that you spend a pleasant moment, whether with family, friends or lovers&#8230;<\/p>\n<p>[\/vc_column_text]<style type=\"text\/css\">.thegem-button-69fa181e3ab0c2836 .gem-button {opacity:0}<\/style><style type=\"text\/css\">.thegem-button-69fa181e3ab0c2836 .gem-button svg {fill: #FFFFFF;}.thegem-button-69fa181e3ab0c2836 .gem-button:hover svg {fill: #A77C68;}<\/style><div class=\"gem-button-container gem-button-position-center thegem-button-69fa181e3ab0c2836     thegem-button-animate thegem-button-animation-fade-down\"  ><a class=\"gem-button gem-button-size-small gem-button-style-flat gem-button-text-weight-thin\" style=\"border-radius: 0px;background-color: #A77C68;color: #FFFFFF;\" onmouseleave=\"this.style.backgroundColor='#A77C68';this.style.color='#FFFFFF';\" onmouseenter=\"this.style.backgroundColor='#FFFFFF';this.style.color='#A77C68';\" href=\"\" target=\"_self\">OUR MENU<\/a><\/div> [\/vc_column][\/vc_row][vc_row][vc_column]<style>.gem-gallery-grid#style-69fa181e3aea1 .gallery-item { padding: calc(42px\/2) !important; }.gem-gallery-grid#style-69fa181e3aea1 .gallery-set { margin-top: calc(-42px\/2); margin-bottom: calc(-42px\/2); }.gem-gallery-grid#style-69fa181e3aea1 .not-fullwidth-block .gallery-set, .gem-gallery-grid#style-69fa181e3aea1 .not-fullwidth-block .portfolio-item-size-container { margin-left: calc(-42px\/2); margin-right: calc(-42px\/2); }.gem-gallery-grid#style-69fa181e3aea1 .fullwidth-block { padding-left: calc(42px\/2); padding-right: calc(42px\/2); }.gem-gallery-grid#style-69fa181e3aea1 .portfolio-filters { text-align: center }<\/style> <div class=\"gallery-preloader-wrapper\"> <div class=\"row\"> <div id=\"style-69fa181e3aea1\" class=\"gem-gallery-grid col-lg-12 col-md-12 col-sm-12 gallery-style-justified hover-default loading-animation item-animation-move-up enable-animation-mobile columns-4 columns-tablet-2 columns-mobile-2 gaps-margin disable-isotope \" data-hover=\"default\" data-uid=\"69fa181e3aea1\" data-filter=\"[]\"> <div class=\"portfolio not-fullwidth-block \"> <ul class=\"gallery-set clearfix\" data-max-row-height=\"280\"> <li class=\"gallery-item gallery-0 col-xs-6 col-sm-6 col-md-3 item-animations-not-inited single-icon post-397 page type-page status-publish\" style=\"\"> <div class=\"wrap gem-wrapbox-style-default\"> <div class=\"overlay-wrap\"> <div class=\"image-wrap \"> <picture> <source srcset=\"https:\/\/www.lebelvedere-balagne.com\/wp-content\/uploads\/2025\/02\/resto_1-thegem-product-justified-square-s.jpg 1x\" sizes=\"100vw\"> <img src=\"https:\/\/www.lebelvedere-balagne.com\/wp-content\/uploads\/2025\/02\/resto_1-thegem-product-justified-square-s.jpg\" width=\"300\" height=\"300\" class=\"attachment-thegem-product-justified-square-s\" alt=\"Vue depuis le restaurant de l&#039;h\u00f4tel Balagne sur le maquis Corse et la mer\" \/> <\/picture> <\/div> <div class=\"overlay \"> <div class=\"overlay-circle\"><\/div> <a href=\"https:\/\/www.lebelvedere-balagne.com\/wp-content\/uploads\/2025\/02\/resto_1.jpg\" class=\"gallery-item-link fancy-gallery\" data-fancybox=\"gallery-69fa181e3aea1\"> <span class=\"slide-info\"> <\/span> <\/a> <div class=\"overlay-content\"> <div class=\"overlay-content-center\"> <div class=\"overlay-content-inner\"> <a href=\"https:\/\/www.lebelvedere-balagne.com\/wp-content\/uploads\/2025\/02\/resto_1.jpg\" class=\"icon photo \" > <\/a> <div class=\"overlay-line\"><\/div> <\/div> <\/div> <\/div> <\/div> <\/div> <\/div> <\/li> <li class=\"gallery-item gallery-0 col-xs-6 col-sm-6 col-md-3 item-animations-not-inited single-icon post-397 page type-page status-publish\" style=\"\"> <div class=\"wrap gem-wrapbox-style-default\"> <div class=\"overlay-wrap\"> <div class=\"image-wrap \"> <picture> <source srcset=\"https:\/\/www.lebelvedere-balagne.com\/wp-content\/uploads\/2025\/02\/resto_2-thegem-product-justified-square-s.jpg 1x\" sizes=\"100vw\"> <img src=\"https:\/\/www.lebelvedere-balagne.com\/wp-content\/uploads\/2025\/02\/resto_2-thegem-product-justified-square-s.jpg\" width=\"300\" height=\"300\" class=\"attachment-thegem-product-justified-square-s\" alt=\"Vue depuis le restaurant de l&#039;h\u00f4tel Balagne sur le maquis Corse et ses multiples paysages\" \/> <\/picture> <\/div> <div class=\"overlay \"> <div class=\"overlay-circle\"><\/div> <a href=\"https:\/\/www.lebelvedere-balagne.com\/wp-content\/uploads\/2025\/02\/resto_2.jpg\" class=\"gallery-item-link fancy-gallery\" data-fancybox=\"gallery-69fa181e3aea1\"> <span class=\"slide-info\"> <\/span> <\/a> <div class=\"overlay-content\"> <div class=\"overlay-content-center\"> <div class=\"overlay-content-inner\"> <a href=\"https:\/\/www.lebelvedere-balagne.com\/wp-content\/uploads\/2025\/02\/resto_2.jpg\" class=\"icon photo \" > <\/a> <div class=\"overlay-line\"><\/div> <\/div> <\/div> <\/div> <\/div> <\/div> <\/div> <\/li> <li class=\"gallery-item gallery-0 col-xs-6 col-sm-6 col-md-3 item-animations-not-inited single-icon post-397 page type-page status-publish\" style=\"\"> <div class=\"wrap gem-wrapbox-style-default\"> <div class=\"overlay-wrap\"> <div class=\"image-wrap \"> <picture> <source srcset=\"https:\/\/www.lebelvedere-balagne.com\/wp-content\/uploads\/2025\/02\/resto_3-thegem-product-justified-square-s.jpg 1x\" sizes=\"100vw\"> <img src=\"https:\/\/www.lebelvedere-balagne.com\/wp-content\/uploads\/2025\/02\/resto_3-thegem-product-justified-square-s.jpg\" width=\"300\" height=\"300\" class=\"attachment-thegem-product-justified-square-s\" alt=\"Vue depuis le restaurant de l&#039;h\u00f4tel Balagne sur le maquis Corse et ses multiples paysages\" \/> <\/picture> <\/div> <div class=\"overlay \"> <div class=\"overlay-circle\"><\/div> <a href=\"https:\/\/www.lebelvedere-balagne.com\/wp-content\/uploads\/2025\/02\/resto_3.jpg\" class=\"gallery-item-link fancy-gallery\" data-fancybox=\"gallery-69fa181e3aea1\"> <span class=\"slide-info\"> <\/span> <\/a> <div class=\"overlay-content\"> <div class=\"overlay-content-center\"> <div class=\"overlay-content-inner\"> <a href=\"https:\/\/www.lebelvedere-balagne.com\/wp-content\/uploads\/2025\/02\/resto_3.jpg\" class=\"icon photo \" > <\/a> <div class=\"overlay-line\"><\/div> <\/div> <\/div> <\/div> <\/div> <\/div> <\/div> <\/li> <li class=\"gallery-item gallery-0 col-xs-6 col-sm-6 col-md-3 item-animations-not-inited single-icon post-397 page type-page status-publish\" style=\"\"> <div class=\"wrap gem-wrapbox-style-default\"> <div class=\"overlay-wrap\"> <div class=\"image-wrap \"> <picture> <source srcset=\"https:\/\/www.lebelvedere-balagne.com\/wp-content\/uploads\/2025\/02\/resto_4-thegem-product-justified-square-s.jpg 1x\" sizes=\"100vw\"> <img src=\"https:\/\/www.lebelvedere-balagne.com\/wp-content\/uploads\/2025\/02\/resto_4-thegem-product-justified-square-s.jpg\" width=\"300\" height=\"300\" class=\"attachment-thegem-product-justified-square-s\" alt=\"Restaurant de l&#039;h\u00f4tel Balagne; les cuisines\" \/> <\/picture> <\/div> <div class=\"overlay \"> <div class=\"overlay-circle\"><\/div> <a href=\"https:\/\/www.lebelvedere-balagne.com\/wp-content\/uploads\/2025\/02\/resto_4.jpg\" class=\"gallery-item-link fancy-gallery\" data-fancybox=\"gallery-69fa181e3aea1\"> <span class=\"slide-info\"> <\/span> <\/a> <div class=\"overlay-content\"> <div class=\"overlay-content-center\"> <div class=\"overlay-content-inner\"> <a href=\"https:\/\/www.lebelvedere-balagne.com\/wp-content\/uploads\/2025\/02\/resto_4.jpg\" class=\"icon photo \" > <\/a> <div class=\"overlay-line\"><\/div> <\/div> <\/div> <\/div> <\/div> <\/div> <\/div> <\/li> <li class=\"gallery-item gallery-0 col-xs-6 col-sm-6 col-md-3 item-animations-not-inited single-icon post-397 page type-page status-publish\" style=\"\"> <div class=\"wrap gem-wrapbox-style-default\"> <div class=\"overlay-wrap\"> <div class=\"image-wrap \"> <picture> <source srcset=\"https:\/\/www.lebelvedere-balagne.com\/wp-content\/uploads\/2025\/02\/resto_5-thegem-product-justified-square-s.jpg 1x\" sizes=\"100vw\"> <img src=\"https:\/\/www.lebelvedere-balagne.com\/wp-content\/uploads\/2025\/02\/resto_5-thegem-product-justified-square-s.jpg\" width=\"300\" height=\"300\" class=\"attachment-thegem-product-justified-square-s\" alt=\"Restaurant\/Bar de l&#039;h\u00f4tel Balagne\" \/> <\/picture> <\/div> <div class=\"overlay \"> <div class=\"overlay-circle\"><\/div> <a href=\"https:\/\/www.lebelvedere-balagne.com\/wp-content\/uploads\/2025\/02\/resto_5.jpg\" class=\"gallery-item-link fancy-gallery\" data-fancybox=\"gallery-69fa181e3aea1\"> <span class=\"slide-info\"> <\/span> <\/a> <div class=\"overlay-content\"> <div class=\"overlay-content-center\"> <div class=\"overlay-content-inner\"> <a href=\"https:\/\/www.lebelvedere-balagne.com\/wp-content\/uploads\/2025\/02\/resto_5.jpg\" class=\"icon photo \" > <\/a> <div class=\"overlay-line\"><\/div> <\/div> <\/div> <\/div> <\/div> <\/div> <\/div> <\/li> <li class=\"gallery-item gallery-0 col-xs-6 col-sm-6 col-md-3 item-animations-not-inited single-icon post-397 page type-page status-publish\" style=\"\"> <div class=\"wrap gem-wrapbox-style-default\"> <div class=\"overlay-wrap\"> <div class=\"image-wrap \"> <picture> <source srcset=\"https:\/\/www.lebelvedere-balagne.com\/wp-content\/uploads\/2025\/02\/resto_6-thegem-product-justified-square-s.jpg 1x\" sizes=\"100vw\"> <img src=\"https:\/\/www.lebelvedere-balagne.com\/wp-content\/uploads\/2025\/02\/resto_6-thegem-product-justified-square-s.jpg\" width=\"300\" height=\"300\" class=\"attachment-thegem-product-justified-square-s\" alt=\"Vue depuis le restaurant de l&#039;h\u00f4tel Balagne sur le maquis Corse et ses multiples paysages\" \/> <\/picture> <\/div> <div class=\"overlay \"> <div class=\"overlay-circle\"><\/div> <a href=\"https:\/\/www.lebelvedere-balagne.com\/wp-content\/uploads\/2025\/02\/resto_6.jpg\" class=\"gallery-item-link fancy-gallery\" data-fancybox=\"gallery-69fa181e3aea1\"> <span class=\"slide-info\"> <\/span> <\/a> <div class=\"overlay-content\"> <div class=\"overlay-content-center\"> <div class=\"overlay-content-inner\"> <a href=\"https:\/\/www.lebelvedere-balagne.com\/wp-content\/uploads\/2025\/02\/resto_6.jpg\" class=\"icon photo \" > <\/a> <div class=\"overlay-line\"><\/div> <\/div> <\/div> <\/div> <\/div> <\/div> <\/div> <\/li> <li class=\"gallery-item gallery-0 col-xs-6 col-sm-6 col-md-3 item-animations-not-inited single-icon post-397 page type-page status-publish\" style=\"\"> <div class=\"wrap gem-wrapbox-style-default\"> <div class=\"overlay-wrap\"> <div class=\"image-wrap \"> <picture> <source srcset=\"https:\/\/www.lebelvedere-balagne.com\/wp-content\/uploads\/2025\/02\/resto_7-thegem-product-justified-square-s.jpg 1x\" sizes=\"100vw\"> <img src=\"https:\/\/www.lebelvedere-balagne.com\/wp-content\/uploads\/2025\/02\/resto_7-thegem-product-justified-square-s.jpg\" width=\"300\" height=\"300\" class=\"attachment-thegem-product-justified-square-s\" alt=\"Vue depuis le restaurant de l&#039;h\u00f4tel Balagne sur le maquis Corse et la mer\" \/> <\/picture> <\/div> <div class=\"overlay \"> <div class=\"overlay-circle\"><\/div> <a href=\"https:\/\/www.lebelvedere-balagne.com\/wp-content\/uploads\/2025\/02\/resto_7.jpg\" class=\"gallery-item-link fancy-gallery\" data-fancybox=\"gallery-69fa181e3aea1\"> <span class=\"slide-info\"> <\/span> <\/a> <div class=\"overlay-content\"> <div class=\"overlay-content-center\"> <div class=\"overlay-content-inner\"> <a href=\"https:\/\/www.lebelvedere-balagne.com\/wp-content\/uploads\/2025\/02\/resto_7.jpg\" class=\"icon photo \" > <\/a> <div class=\"overlay-line\"><\/div> <\/div> <\/div> <\/div> <\/div> <\/div> <\/div> <\/li> <li class=\"gallery-item gallery-0 col-xs-6 col-sm-6 col-md-3 item-animations-not-inited single-icon post-397 page type-page status-publish\" style=\"\"> <div class=\"wrap gem-wrapbox-style-default\"> <div class=\"overlay-wrap\"> <div class=\"image-wrap \"> <picture> <source srcset=\"https:\/\/www.lebelvedere-balagne.com\/wp-content\/uploads\/2025\/02\/resto_8-thegem-product-justified-square-s.jpg 1x\" sizes=\"100vw\"> <img src=\"https:\/\/www.lebelvedere-balagne.com\/wp-content\/uploads\/2025\/02\/resto_8-thegem-product-justified-square-s.jpg\" width=\"300\" height=\"300\" class=\"attachment-thegem-product-justified-square-s\" alt=\"Restaurant de l&#039;h\u00f4tel Balagne\" \/> <\/picture> <\/div> <div class=\"overlay \"> <div class=\"overlay-circle\"><\/div> <a href=\"https:\/\/www.lebelvedere-balagne.com\/wp-content\/uploads\/2025\/02\/resto_8.jpg\" class=\"gallery-item-link fancy-gallery\" data-fancybox=\"gallery-69fa181e3aea1\"> <span class=\"slide-info\"> <\/span> <\/a> <div class=\"overlay-content\"> <div class=\"overlay-content-center\"> <div class=\"overlay-content-inner\"> <a href=\"https:\/\/www.lebelvedere-balagne.com\/wp-content\/uploads\/2025\/02\/resto_8.jpg\" class=\"icon photo \" > <\/a> <div class=\"overlay-line\"><\/div> <\/div> <\/div> <\/div> <\/div> <\/div> <\/div> <\/li> <\/ul> <\/div> <\/div> <\/div> <\/div>[vc_empty_space][\/vc_column][\/vc_row]<\/p>\n<\/div>","protected":false},"excerpt":{"rendered":"<p>[vc_row][vc_column][\/vc_column][\/vc_row][vc_row el_class=&#8221;bgfleur&#8221;][vc_column][\/vc_column][\/vc_row][vc_row equal_height=&#8221;yes&#8221; content_placement=&#8221;middle&#8221; css=&#8221;.vc_custom_1738363517677{margin-top: 20px !important;margin-bottom: 50px !important;}&#8221;][vc_column width=&#8221;1\/2&#8243;][vc_gallery interval=&#8221;3&#8243; images=&#8221;514,512,510,508&#8243; img_size=&#8221;full&#8221; css=&#8221;&#8221;][\/vc_column][vc_column width=&#8221;1\/2&#8243; thegem_content_alignment=&#8221;center&#8221; css=&#8221;.vc_custom_1738447867593{margin-right: 10% !important;margin-left: 10%&#8230;<\/p>\n","protected":false},"author":1,"featured_media":0,"parent":0,"menu_order":0,"comment_status":"closed","ping_status":"closed","template":"","meta":{"inline_featured_image":false,"footnotes":""},"class_list":["post-397","page","type-page","status-publish"],"aioseo_notices":[],"_links":{"self":[{"href":"https:\/\/www.lebelvedere-balagne.com\/en\/wp-json\/wp\/v2\/pages\/397","targetHints":{"allow":["GET"]}}],"collection":[{"href":"https:\/\/www.lebelvedere-balagne.com\/en\/wp-json\/wp\/v2\/pages"}],"about":[{"href":"https:\/\/www.lebelvedere-balagne.com\/en\/wp-json\/wp\/v2\/types\/page"}],"author":[{"embeddable":true,"href":"https:\/\/www.lebelvedere-balagne.com\/en\/wp-json\/wp\/v2\/users\/1"}],"replies":[{"embeddable":true,"href":"https:\/\/www.lebelvedere-balagne.com\/en\/wp-json\/wp\/v2\/comments?post=397"}],"version-history":[{"count":5,"href":"https:\/\/www.lebelvedere-balagne.com\/en\/wp-json\/wp\/v2\/pages\/397\/revisions"}],"predecessor-version":[{"id":518,"href":"https:\/\/www.lebelvedere-balagne.com\/en\/wp-json\/wp\/v2\/pages\/397\/revisions\/518"}],"wp:attachment":[{"href":"https:\/\/www.lebelvedere-balagne.com\/en\/wp-json\/wp\/v2\/media?parent=397"}],"curies":[{"name":"wp","href":"https:\/\/api.w.org\/{rel}","templated":true}]}}